{"id":4,"date":"2010-06-14T09:13:49","date_gmt":"2010-06-14T07:13:49","guid":{"rendered":"http:\/\/microbiologia.zeus.umh.es\/about-2\/"},"modified":"2010-06-14T09:13:49","modified_gmt":"2010-06-14T07:13:49","slug":"about-2","status":"publish","type":"page","link":"https:\/\/microbiologia.umh.es\/ca\/about-2\/","title":{"rendered":"Qu\u00e9 es esto"},"content":{"rendered":"<p><img loading=\"lazy\" class=\"aligncenter\" src=\"http:\/\/cnho.files.wordpress.com\/2009\/08\/escherichia-coli.jpg\" alt=\"\" width=\"500\" height=\"327\" \/><\/p>\n<p>Este sitio est\u00e1 dedicado a la impartici\u00f3n de la docencia de la Microbiolog\u00eda, tanto en los nuevos grados de &#8220;<a href=\"http:\/\/universite.umh.es\/titulaciones\/titulacion.asp?tit=135&amp;caca=2010\">Biotecnolog\u00eda<\/a>&#8221; y &#8220;<a href=\"http:\/\/universite.umh.es\/titulaciones\/titulacion.asp?tit=134&amp;caca=2010\">Ciencias Ambientales<\/a>&#8221; como en las licenciaturas de &#8220;<a href=\"http:\/\/www.umh.es\/contenido\/Estudios\/:tit_c_88\/datos_es.html\">Bioqu\u00edmica<\/a>&#8221; y &#8220;<a href=\"http:\/\/www.umh.es\/contenido\/Estudios\/:tit_c_46\/datos_es.html\">Ciencias Ambientales<\/a>&#8220;.<\/p>\n","protected":false},"excerpt":{"rendered":"<p>Este sitio est\u00e1 dedicado a la impartici\u00f3n de la docencia de la Microbiolog\u00eda, tanto en los nuevos grados de &#8220;Biotecnolog\u00eda&#8221; y &#8220;Ciencias Ambientales&#8221; como en las licenciaturas de &#8220;Bioqu\u00edmica&#8221; y &#8220;Ciencias Ambientales&#8220;.<\/p>\n","protected":false},"author":1,"featured_media":0,"parent":0,"menu_order":0,"comment_status":"open","ping_status":"open","template":"","meta":{"_links_to":"","_links_to_target":""},"_links":{"self":[{"href":"https:\/\/microbiologia.umh.es\/ca\/wp-json\/wp\/v2\/pages\/4"}],"collection":[{"href":"https:\/\/microbiologia.umh.es\/ca\/wp-json\/wp\/v2\/pages"}],"about":[{"href":"https:\/\/microbiologia.umh.es\/ca\/wp-json\/wp\/v2\/types\/page"}],"author":[{"embeddable":true,"href":"https:\/\/microbiologia.umh.es\/ca\/wp-json\/wp\/v2\/users\/1"}],"replies":[{"embeddable":true,"href":"https:\/\/microbiologia.umh.es\/ca\/wp-json\/wp\/v2\/comments?post=4"}],"version-history":[{"count":0,"href":"https:\/\/microbiologia.umh.es\/ca\/wp-json\/wp\/v2\/pages\/4\/revisions"}],"wp:attachment":[{"href":"https:\/\/microbiologia.umh.es\/ca\/wp-json\/wp\/v2\/media?parent=4"}],"curies":[{"name":"wp","href":"https:\/\/api.w.org\/{rel}","templated":true}]}}