{"id":6,"date":"2010-07-15T13:31:43","date_gmt":"2010-07-15T11:31:43","guid":{"rendered":"http:\/\/microbiologia.zeus.umh.es\/?page_id=5"},"modified":"2010-07-15T13:31:43","modified_gmt":"2010-07-15T11:31:43","slug":"departamentos-de-microbiologia-en-espana","status":"publish","type":"page","link":"https:\/\/microbiologia.umh.es\/en\/departamentos-de-microbiologia-en-espana\/","title":{"rendered":"Departamentos de Microbiolog\u00eda en Espa\u00f1a"},"content":{"rendered":"<p>Aqu\u00ed se recoge un lista de las p\u00e1ginas webs de\u00a0distintos Departamentos de Microbiolog\u00eda de Espa\u00f1a. Est\u00e1n clasificados por orden alfab\u00e9tico, comenzando por la instituci\u00f3n que los acoge. Poco a poco la iremos ampliando.<\/p>\n<p>La letra <strong>D<\/strong> indica que tienen materiales docentes de libre acceso<\/p>\n<p><a href=\"http:\/\/www.cnb.uam.es\/content\/research\/microbial\/index.php?l=1\">Centro Nacional de Biotecnolog\u00eda. Biotecnolog\u00eda Microbiana<\/a><\/p>\n<p><a href=\"http:\/\/dfgm.ua.es\/es\/microbiologia\/microbiologia.html\">Universidad de Alicante. Departamento de Fisiolog\u00eda, Gen\u00e9tica y Microbiolog\u00eda<\/a><\/p>\n<p><a href=\"http:\/\/cms.ual.es\/UAL\/universidad\/departamentos\/biologiaaplicada\/index.htm\">Universidad de Almer\u00eda. Departamento de Biolog\u00eda Aplicada<\/a><\/p>\n<p><a href=\"http:\/\/www.uca.es\/es\/cargarAplicacionPlanEstudios.do?idDepartamento=C125&amp;acceso=td\">Universidad de C\u00e1diz<\/a><\/p>\n<p><a href=\"http:\/\/www.ugr.es\/~dptomic\/\">Universidad de Granada. Departamento de Microbiolog\u00eda<\/a> (<strong>D<\/strong>)<\/p>\n<p><a href=\"http:\/\/www.ujaen.es\/dep\/ciesal\/microbiologia.htm\">Universidad de Ja\u00e9n. Departamento de Ciencias de la Salud<\/a><\/p>\n<p><a href=\"http:\/\/webdeptos.uma.es\/microbiologia\/\">Universidad de M\u00e1laga. Departamento de Microbiolog\u00eda<\/a> (<strong>D<\/strong>)<\/p>\n<p><a href=\"http:\/\/crisantemo.upo.es\/bmib\/portada\">Universidad Pablo de Olavide.<\/a><\/p>\n<p><a href=\"http:\/\/departamento.us.es\/dmicro\/\">Universidad de Sevilla. Departamento de Microbiolog\u00eda<\/a><\/p>\n<p><a href=\"http:\/\/www.us.es\/centrosdptos\/departamentos\/departamento_I068\">Universidad de Sevilla. Departamento de Microbiolog\u00eda y Parasitolog\u00eda<\/a><\/p>\n","protected":false},"excerpt":{"rendered":"<p>Aqu\u00ed se recoge un lista de las p\u00e1ginas webs de\u00a0distintos Departamentos de Microbiolog\u00eda de Espa\u00f1a. Est\u00e1n clasificados por orden alfab\u00e9tico, comenzando por la instituci\u00f3n que los acoge. Poco a poco la iremos ampliando.<br \/>\nLa letra D indica que tienen materiales docentes de libre acceso<br \/>\nCentro Nacional de Biotecnolog\u00eda. Biotecnolog\u00eda Microbiana<br \/>\nUniversidad de Alicante. Departamento de Fisiolog\u00eda, Gen\u00e9tica y [&#8230;]<\/p>\n","protected":false},"author":230,"featured_media":0,"parent":0,"menu_order":0,"comment_status":"open","ping_status":"open","template":"","meta":{"_links_to":"","_links_to_target":""},"_links":{"self":[{"href":"https:\/\/microbiologia.umh.es\/en\/wp-json\/wp\/v2\/pages\/6"}],"collection":[{"href":"https:\/\/microbiologia.umh.es\/en\/wp-json\/wp\/v2\/pages"}],"about":[{"href":"https:\/\/microbiologia.umh.es\/en\/wp-json\/wp\/v2\/types\/page"}],"author":[{"embeddable":true,"href":"https:\/\/microbiologia.umh.es\/en\/wp-json\/wp\/v2\/users\/230"}],"replies":[{"embeddable":true,"href":"https:\/\/microbiologia.umh.es\/en\/wp-json\/wp\/v2\/comments?post=6"}],"version-history":[{"count":0,"href":"https:\/\/microbiologia.umh.es\/en\/wp-json\/wp\/v2\/pages\/6\/revisions"}],"wp:attachment":[{"href":"https:\/\/microbiologia.umh.es\/en\/wp-json\/wp\/v2\/media?parent=6"}],"curies":[{"name":"wp","href":"https:\/\/api.w.org\/{rel}","templated":true}]}}